{"id":3296,"date":"2019-03-09T10:58:00","date_gmt":"2019-03-09T08:58:00","guid":{"rendered":"http:\/\/finance.aitoavioliitto.fi\/?post_type=product&#038;p=3296"},"modified":"2024-09-01T16:29:19","modified_gmt":"2024-09-01T13:29:19","slug":"lahjoitukset","status":"publish","type":"product","link":"https:\/\/finance.aitoavioliitto.fi\/?product=lahjoitukset","title":{"rendered":"Kertalahjoitus"},"content":{"rendered":"<p>Valinnan j\u00e4lkeen edet\u00e4\u00e4n ostoskoriin, jossa voit viel\u00e4 tarkastaa valintasi.<\/p>\n<p>&#8212;&#8212;&#8212;&#8212;&#8212;&#8212;&#8212;&#8212;&#8212;&#8212;&#8212;&#8212;&#8212;&#8212;&#8212;&#8212;&#8212;&#8212;&#8212;&#8212;&#8212;&#8212;&#8212;&#8212;&#8212;&#8212;&#8212;&#8212;&#8212;&#8212;&#8212;&#8212;&#8212;&#8212;&#8212;-<\/p>\n<p>Voit antaa lahjasi yhdistyksen ty\u00f6lle t\u00e4m\u00e4n lahjoitusverkkokaupan sijaan my\u00f6s omassa pankissasi t\u00e4lle tilille:<\/p>\n<p><strong>IBAN: \u00a0 FI80 4108 0013 0706 62<br \/>\n<\/strong><\/p>\n<p><strong>Viitenumero: \u00a0<\/strong> <b>RF22 1648 4050<\/b><\/p>\n<p>&#8212;&#8212;&#8212;&#8212;&#8212;&#8212;&#8212;&#8212;&#8212;&#8212;&#8212;&#8212;&#8212;&#8212;&#8212;&#8212;&#8212;&#8212;&#8212;&#8212;&#8212;&#8212;&#8212;&#8212;&#8212;&#8212;&#8212;&#8212;&#8212;&#8212;&#8212;&#8212;&#8212;&#8212;&#8212;-<\/p>\n<p>Rahanker\u00e4ysluvan my\u00f6nt\u00e4j\u00e4:\u00a0 Poliisihallitus 16.9.2020.<\/p>\n<p>Valtakunnallisen rahanker\u00e4ysluvan numero: <strong>RA\/2020\/1087<\/strong>.<\/p>\n<p>Uuden ker\u00e4ysjakson toimeenpanoaika:\u00a0 26.09.2020 alkaen (jatkuva).<\/p>\n<p>Toimeenpanoalue: Koko maa pois lukien Ahvenanmaa. Yhdistys toimeenpanee ker\u00e4yksen itse.<\/p>\n<p>Rahanker\u00e4ystavoilla saadut varat k\u00e4ytet\u00e4\u00e4n Suomessa Aito avioliitto -yhdistyksen kaikkeen yleishy\u00f6dylliseen toimintaan kuten tapahtumien j\u00e4rjest\u00e4minen ja tapahtumiin osallistuminen, julkaisu- ja tiedotustoiminta, radio-ohjelmien tuottaminen, kouluty\u00f6 sek\u00e4 muu kampanjointi yhdistyksen edustamien perhemy\u00f6nteisten arvojen edist\u00e4miseksi, kuten yhdistyksen s\u00e4\u00e4nn\u00f6iss\u00e4 tarkemmin kuvaillaan:<\/p>\n<blockquote><p>Yhdistyksen <a href=\"https:\/\/aitoavioliitto.fi\/wp-content\/uploads\/PRH_Aito_avioliitto_ry_saannot_2019_05_25.pdf\">s\u00e4\u00e4nn\u00f6t<\/a>, 2 \u00a7 toiminnan tarkoitus:<br \/>\n<em>Yhdistyksen tarkoituksena on edist\u00e4\u00e4 ja vahvistaa miehen ja naisen v\u00e4lisen avioliiton<\/em><br \/>\n<em>asemaa ja merkityst\u00e4 aitona, erityisen\u00e4, luonnollisena ja pysyv\u00e4n\u00e4 instituutiona<\/em><br \/>\n<em>suomalaisessa yhteiskunnassa ja lains\u00e4\u00e4d\u00e4nn\u00f6ss\u00e4. Lis\u00e4ksi yhdistyksen<\/em><br \/>\n<em>tarkoituksena on edist\u00e4\u00e4 lapsen oikeutta tuntea sek\u00e4 is\u00e4ns\u00e4 ett\u00e4 \u00e4itins\u00e4 ja olla heid\u00e4n<\/em><br \/>\n<em>hoidettavanaan koko lapsuusaikansa mik\u00e4li mahdollista. Yhdistyksen tarkoituksena<\/em><br \/>\n<em>on my\u00f6s edist\u00e4\u00e4 lapsen terveen sukupuoli-identiteetin kehittymist\u00e4 siten, ett\u00e4 pojan<\/em><br \/>\n<em>kasvua mieheksi ja tyt\u00f6n kasvua naiseksi tuetaan vahvistamalla sukupuolten<\/em><br \/>\n<em>luontaista erilaisuutta, sek\u00e4 turvaamalla lapselle my\u00f6s adoptiotilanteessa perhemalli,<\/em><br \/>\n<em>jossa lapsella on sek\u00e4 is\u00e4 ett\u00e4 \u00e4iti.<\/em><\/p><\/blockquote>\n","protected":false},"excerpt":{"rendered":"<p>Voit tehd\u00e4 t\u00e4ss\u00e4 kertalahjoituksen verkkomaksulla pankissa tai luottokortilla.<\/p>\n<p>Pankit:\u00a0 Kaikki suomalaiset pankit.<\/p>\n<p>Luottokortit: Visa, Mastercard, Amex tai Discover.<\/p>\n<p>Toistuva kuukausituki:\u00a0 Yrityslahjoittajia voimme verkkolaskuttaa, laskutuspyynt\u00f6 osoitteeseen <a href=\"mailto:laskutus(at)aitoavioliitto.fi\">laskutus(at)aitoavioliitto.fi<\/a>,\u00a0 korvaa osoitteessa (at) -merkint\u00e4\u00a0 @-merkill\u00e4.\u00a0 Yksityishenkil\u00f6 saa helpoiten asetettua toistuvan kuukausimaksun omassa verkkopankissaan tavallisena\u00a0 <a href=\"https:\/\/aitoavioliitto.fi\/artikkelit\/tue-lahjoituksella-aito-avioliitto-yhdistyksen-entista-merkityksellisempaa-ja-ajankohtaisempaa-tyota\/\">viitemaksuna<\/a>\u00a0 laittamalla siin\u00e4 yhteydess\u00e4 ruksin kohtaan &#8221;toistuva maksu&#8221;.<\/p>\n<p>S\u00e4ilyt\u00e4mme henkil\u00f6tietojasi luottamuksellisesti ja hyvin suojattuina. Tarkemmin asiasta kerrotaan <a href=\"https:\/\/finance.aitoavioliitto.fi\/?page_id=3429\">tietosuojaselosteessa<\/a>.<\/p>\n","protected":false},"featured_media":4533,"template":"","meta":[],"product_brand":[],"product_cat":[197],"product_tag":[185],"class_list":{"0":"post-3296","1":"product","2":"type-product","3":"status-publish","4":"has-post-thumbnail","6":"product_cat-lahjoitukset","7":"product_tag-maksut","9":"first","10":"instock","11":"purchasable","12":"product-type-variable","13":"has-default-attributes"},"_links":{"self":[{"href":"https:\/\/finance.aitoavioliitto.fi\/index.php?rest_route=\/wp\/v2\/product\/3296","targetHints":{"allow":["GET"]}}],"collection":[{"href":"https:\/\/finance.aitoavioliitto.fi\/index.php?rest_route=\/wp\/v2\/product"}],"about":[{"href":"https:\/\/finance.aitoavioliitto.fi\/index.php?rest_route=\/wp\/v2\/types\/product"}],"wp:featuredmedia":[{"embeddable":true,"href":"https:\/\/finance.aitoavioliitto.fi\/index.php?rest_route=\/wp\/v2\/media\/4533"}],"wp:attachment":[{"href":"https:\/\/finance.aitoavioliitto.fi\/index.php?rest_route=%2Fwp%2Fv2%2Fmedia&parent=3296"}],"wp:term":[{"taxonomy":"product_brand","embeddable":true,"href":"https:\/\/finance.aitoavioliitto.fi\/index.php?rest_route=%2Fwp%2Fv2%2Fproduct_brand&post=3296"},{"taxonomy":"product_cat","embeddable":true,"href":"https:\/\/finance.aitoavioliitto.fi\/index.php?rest_route=%2Fwp%2Fv2%2Fproduct_cat&post=3296"},{"taxonomy":"product_tag","embeddable":true,"href":"https:\/\/finance.aitoavioliitto.fi\/index.php?rest_route=%2Fwp%2Fv2%2Fproduct_tag&post=3296"}],"curies":[{"name":"wp","href":"https:\/\/api.w.org\/{rel}","templated":true}]}}