{"id":3429,"date":"2019-03-14T01:19:33","date_gmt":"2019-03-13T23:19:33","guid":{"rendered":"https:\/\/finance.aitoavioliitto.fi\/?page_id=3429"},"modified":"2020-05-09T00:39:08","modified_gmt":"2020-05-08T21:39:08","slug":"aito-avioliitto-ryn-henkilotietolain-523-1999-10-%c2%a7-ja-eun-yleinen-tietosuoja-asetuksen-2016-679-mukainen-rekisteri-ja-tietosuojaseloste","status":"publish","type":"page","link":"https:\/\/finance.aitoavioliitto.fi\/?page_id=3429","title":{"rendered":"Aito avioliitto ry:n Henkil\u00f6tietolain (523\/1999) 10 \u00a7 ja EU:n yleinen tietosuoja-asetuksen 2016\/679 mukainen rekisteri- ja tietosuojaseloste"},"content":{"rendered":"\r\n<p>Versio: v1.3 30.04.2020<\/p>\r\n\r\n\r\n\r\n<p><strong>Rekisterin pit\u00e4j\u00e4<\/strong><\/p>\r\n\r\n\r\n\r\n<p>Aito avioliitto ry<\/p>\r\n\r\n\r\n\r\n<p>Y-tunnus 2786880-3<\/p>\r\n\r\n\r\n\r\n<p>Yhdistys on yleishy\u00f6dyllinen kansalaisj\u00e4rjest\u00f6.<\/p>\r\n\r\n\r\n\r\n<p><strong>Osoite<\/strong><\/p>\r\n\r\n\r\n\r\n<p>Kinaporinkuja 7B<\/p>\r\n\r\n\r\n\r\n<p>01370 Vantaa<\/p>\r\n\r\n\r\n\r\n<p><strong>Muut yhteystiedot<\/strong><\/p>\r\n\r\n\r\n\r\n<p>Asiakaspalvelu: <a href=\"mailto:info(\u00e4t)aitoavioliitto.fi\">info(\u00e4t)aitoavioliitto.fi<\/a><\/p>\r\n\r\n\r\n\r\n<p>Hallinto: <a href=\"mailto:aito.avioliitto(\u00e4t)gmail.com\">aito.avioliitto(\u00e4t)gmail.com<\/a><\/p>\r\n\r\n\r\n\r\n<p><strong>Yhteyshenkil\u00f6 rekisteri\u00e4 koskevissa asioissa<\/strong><\/p>\r\n\r\n\r\n\r\n<p>Veikka Mattila, <a href=\"mailto:veikka.mattila(\u00e4t)aitoavioliitto.fi\"><u>veikka.mattila(\u00e4t)aitoavioliitto.fi<\/u><\/a><\/p>\r\n\r\n\r\n\r\n<p><strong>Rekisterin nimi<\/strong><\/p>\r\n\r\n\r\n\r\n<p>Aito avioliiton lahjoitusverkkokaupan tietokanta<\/p>\r\n\r\n\r\n\r\n<p><strong>Henkil\u00f6tietojen k\u00e4sittelyn tarkoitus<\/strong><\/p>\r\n\r\n\r\n\r\n<p>Aito avioliitto ry:n lahjoitusverkkokaupan henkil\u00f6rekisteri on asiakkaan kerta- ja toistuvaislahjoitusten kirjaamista varten, yhdistyksen laillisten velvoitteiden t\u00e4ytt\u00e4mist\u00e4 varten, asiakastietojen yll\u00e4pitoa ja hallintaa varten, sek\u00e4 tiedottamista varten. Lahjoittajarekisteri on hy\u00f6dyllinen my\u00f6s asiakkaalle itselleen, rekister\u00f6itym\u00e4ll\u00e4 sen k\u00e4ytt\u00e4j\u00e4ksi voi seurata omia aiempia tapahtumia lahjoitusverkkokaupassa. Rekister\u00f6ityminen omien lahjoitusten seurantaan on vapaaehtoinen. Yhdistyksen lahjoittajaverkkokaupan henkil\u00f6rekisteriss\u00e4 s\u00e4ilytet\u00e4\u00e4n tietoja niist\u00e4 yhdistyksen lahjoittajista, jotka tekiv\u00e4t lahjoituksensa t\u00e4m\u00e4n lahjoitusverkkokaupan tarjoamien maksupalveluiden avulla.<\/p>\r\n\r\n\r\n\r\n<p>Lahjoitusverkkokaupan sis\u00e4lt\u00e4m\u00e4 rekisteri on kiinte\u00e4 osa verkkokaupan teknist\u00e4 j\u00e4rjestelm\u00e4\u00e4. Sen tuottamia tietoja k\u00e4ytet\u00e4\u00e4n yhdistyksen laillisten velvoitteiden t\u00e4ytt\u00e4miseksi, esimerkiksi kirjanpitoon. Tietoja voidaan k\u00e4ytt\u00e4\u00e4 my\u00f6s tiedottamiseen lahjoitusverkkokaupassa tapahtuneista muutoksista ja uusista maksutavoista.<\/p>\r\n\r\n\r\n\r\n<p><strong>Rekisterin tietosis\u00e4lt\u00f6<\/strong><\/p>\r\n\r\n\r\n\r\n<p>Lahjoitusverkkokaupan asiakasrekisteriss\u00e4 on asiakkaan nimi, kotiosoite, s\u00e4hk\u00f6postiosoite ja puhelinnumero. Lis\u00e4ksi l\u00f6ytyy tiedot ostotapahtumista, maksutavasta sek\u00e4 k\u00e4ytetyst\u00e4 yhteydest\u00e4 (verkkoselain, ip-osoite). Maksukorttien k\u00e4sittely ei tapahdu verkkokaupan sis\u00e4ll\u00e4 vaan asiakas siirret\u00e4\u00e4n siksi ajaksi maksuliikenteen k\u00e4sittelij\u00e4n j\u00e4rjestelm\u00e4\u00e4n. Verkkokauppaan palautuu tieto maksun onnistumisesta tai ep\u00e4onnistumisesta. Verkkokauppaan ei tallenneta maksukortin tietoja, mutta ne voi olla mahdollista tallettaa helpompaa toistuvaa k\u00e4ytt\u00f6\u00e4 varten maksuliikenteen k\u00e4sittelij\u00e4n j\u00e4rjestelm\u00e4\u00e4n, mik\u00e4li ominaisuus on siell\u00e4 mahdollistettu ja aktivoitu.<\/p>\r\n\r\n\r\n\r\n<p><strong>Maksujen k\u00e4sittely<\/strong>, Verifone<\/p>\r\n\r\n\r\n\r\n<p>Maksupalvelun tarjoaa Verifone Finland Oy (0943819-9). Verifone Finland Oy on Finanssivalvonnan toimiluvan saanut maksulaitos. Maksutapahtumat toteutetaan Verifone Finland Oy:n suojatussa tietoturvallisessa maksuymp\u00e4rist\u00f6ss\u00e4. Pankki- ja korttimaksujen vastaanottajana tiliotteella sek\u00e4 mahdollisilla korttilaskuilla vastaanottajana n\u00e4kyy Verifone Finland Oy, joka v\u00e4litt\u00e4\u00e4 maksut kauppiaalle.<\/p>\r\n\r\n\r\n\r\n<p>Verifone Finland Oy<br \/>Vantaankoskentie 14<br \/>01670 Vantaa<br \/>Asiakaspalvelu kuluttajille, puh. 020 753 5192, kuluttaja(\u00e4t)verifone.fi<br \/><a href=\"https:\/\/www.verifone.com\/fi\/fi\"> www.verifone.fi<\/a><\/p>\r\n\r\n\r\n\r\n<p><strong>Maksujen k\u00e4sittely<\/strong>, Stripe<\/p>\r\n\r\n\r\n\r\n<p>Palvelun tarjoaa kansainv\u00e4linen maksuv\u00e4litt\u00e4j\u00e4 Stripe Inc, USA. K\u00e4yt\u00f6ss\u00e4mme on luottokorttien vastaanotto. Ty\u00f6n alla on mahdollisuus ottaa vastaan my\u00f6s muita maksuv\u00e4lineit\u00e4 (wallet) Stripe:n palveluna, kuten Google Pay ja Apple Pay. Lis\u00e4\u00e4 tietoa Stripe:n kotisivulla <a href=\"https:\/\/stripe.com\/en-fi\">https:\/\/stripe.com\/en-fi<\/a><\/p>\r\n\r\n\r\n\r\n<p><strong>S\u00e4\u00e4nn\u00f6nmukaiset tietol\u00e4hteet<\/strong><\/p>\r\n\r\n\r\n\r\n<p>Asiakkaan asioidessa verkkokaupassa tallennetaan asiakkaan tiedot, jotka mahdollistavat maksutapahtuman toteuttamisen ja sopimuksen kirjaamisen valtuutustilanteessa.<\/p>\r\n\r\n\r\n\r\n<p><strong>Tietojen s\u00e4\u00e4nn\u00f6nmukaiset luovutukset<\/strong><\/p>\r\n\r\n\r\n\r\n<p>Maksujen v\u00e4lityksest\u00e4 huolehtivalla yrityksell\u00e4 on oikeus saada tarvittavat tiedot maksusuorituksen k\u00e4sittely\u00e4 varten ja kyseist\u00e4 vaihetta koskevat maksun v\u00e4litt\u00e4j\u00e4n omat tietosuojas\u00e4\u00e4nn\u00f6kset. Yhdistyksen asiakasrekisterin tiedot ovat Aito avioliitto ry:n hallituksen ja puheenjohtajan sek\u00e4 laillisia velvoitteita (kirjanpito, pankkitilit ja maksuliikenne) hoitavan henkil\u00f6n luettavissa. Asiakastietoja ei luovuteta ulkopuolisille tahoille.<\/p>\r\n\r\n\r\n\r\n<p>Tietonsa henkil\u00f6rekisterin asiakastietoihin antaneella on oikeus tarkastaa tietonsa veloituksetta kerran vuodessa ja oikeus kielt\u00e4\u00e4 tietojensa k\u00e4sittely.<\/p>\r\n\r\n\r\n\r\n<p><strong>Tietojen siirto EU:n tai ETA:n ulkopuolelle<\/strong><\/p>\r\n\r\n\r\n\r\n<p>Aito avioliitto ry ei siirr\u00e4 asiakasrekisterin tietoja EU:n eik\u00e4 ETA:n ulkopuolelle.<\/p>\r\n\r\n\r\n\r\n<p><strong>Tietojen poistaminen ja tietojen s\u00e4ilytysaika<\/strong><\/p>\r\n\r\n\r\n\r\n<p>Aito avioliitto ry voi poistaa tietoja asiakasrekisterist\u00e4, jos henkil\u00f6 sit\u00e4 pyyt\u00e4\u00e4. Poistopyynt\u00f6 ei voi koskea kuitenkaan tietoja, joita tarvitaan yhdistyksen velvoitteiden t\u00e4ytt\u00e4miseksi koskien esimerkiksi kirjanpitoa, verotusta ja takuu- tai muita laillisia sitoumuksia. Rekisterinpit\u00e4j\u00e4 s\u00e4ilytt\u00e4\u00e4 tietoja vain niin kauan, kun on tarpeen rekisterin k\u00e4ytt\u00f6tarkoituksen kannalta.<\/p>\r\n\r\n\r\n\r\n<p><strong>Rekisterin suojauksen periaatteet<\/strong><\/p>\r\n\r\n\r\n\r\n<p>Asiakastietoihin p\u00e4\u00e4see k\u00e4siksi vain yhdistyksen johdon hyv\u00e4ksym\u00e4t henkil\u00f6t. Tietoyhteydet verkkokauppaan on toteutettu salatuin yhteyksin. Verkkokaupan tietokannat sijaitsevat hyvin suojatuissa konesaleissa. Yhdistys s\u00e4ilytt\u00e4\u00e4 asiakastiedot huolellisesti eik\u00e4 luovuta niit\u00e4 ulkopuolisille tahoille.<\/p>\r\n\r\n\r\n\r\n<p><strong>Tietosuojaselosteen muuttaminen<\/strong><\/p>\r\n\r\n\r\n\r\n<p>Rekisterinpit\u00e4j\u00e4 pid\u00e4tt\u00e4\u00e4 oikeuden p\u00e4ivitt\u00e4\u00e4 ja muuttaa tietosuojaselostetta. Lains\u00e4\u00e4d\u00e4nn\u00f6n niin vaatiessa ilmoitamme siit\u00e4 rekister\u00f6idylle.<\/p>\r\n","protected":false},"excerpt":{"rendered":"<p>Versio: v1.3 30.04.2020 Rekisterin pit\u00e4j\u00e4 Aito avioliitto ry Y-tunnus 2786880-3 Yhdistys on yleishy\u00f6dyllinen kansalaisj\u00e4rjest\u00f6. Osoite Kinaporinkuja 7B 01370 Vantaa Muut yhteystiedot Asiakaspalvelu: info(\u00e4t)aitoavioliitto.fi Hallinto: aito.avioliitto(\u00e4t)gmail.com&#8230;<\/p>\n","protected":false},"author":13,"featured_media":0,"parent":0,"menu_order":0,"comment_status":"closed","ping_status":"closed","template":"","meta":{"footnotes":""},"class_list":["post-3429","page","type-page","status-publish","hentry"],"_links":{"self":[{"href":"https:\/\/finance.aitoavioliitto.fi\/index.php?rest_route=\/wp\/v2\/pages\/3429","targetHints":{"allow":["GET"]}}],"collection":[{"href":"https:\/\/finance.aitoavioliitto.fi\/index.php?rest_route=\/wp\/v2\/pages"}],"about":[{"href":"https:\/\/finance.aitoavioliitto.fi\/index.php?rest_route=\/wp\/v2\/types\/page"}],"author":[{"embeddable":true,"href":"https:\/\/finance.aitoavioliitto.fi\/index.php?rest_route=\/wp\/v2\/users\/13"}],"replies":[{"embeddable":true,"href":"https:\/\/finance.aitoavioliitto.fi\/index.php?rest_route=%2Fwp%2Fv2%2Fcomments&post=3429"}],"version-history":[{"count":37,"href":"https:\/\/finance.aitoavioliitto.fi\/index.php?rest_route=\/wp\/v2\/pages\/3429\/revisions"}],"predecessor-version":[{"id":4341,"href":"https:\/\/finance.aitoavioliitto.fi\/index.php?rest_route=\/wp\/v2\/pages\/3429\/revisions\/4341"}],"wp:attachment":[{"href":"https:\/\/finance.aitoavioliitto.fi\/index.php?rest_route=%2Fwp%2Fv2%2Fmedia&parent=3429"}],"curies":[{"name":"wp","href":"https:\/\/api.w.org\/{rel}","templated":true}]}}